{"id":7,"date":"2020-08-06T12:41:25","date_gmt":"2020-08-06T12:41:25","guid":{"rendered":"http:\/\/icht.ro\/?page_id=7"},"modified":"2024-02-01T12:36:05","modified_gmt":"2024-02-01T09:36:05","slug":"indicatori","status":"publish","type":"page","link":"https:\/\/ro-openscreen.ro\/?page_id=7","title":{"rendered":""},"content":{"rendered":"\n<h2 style=\"text-align: center;\">INDICATORI PROIECT<\/h2>\n\n\n\n<p>&nbsp;&nbsp;&nbsp;&nbsp;<\/p>\n\n\n\n<p style=\"text-align: justify;\"><b>Rezultate preconizate<\/b><\/p>\n<ul>\n<li style=\"text-align: justify;\">Modernizarea\/consolidarea\/dotarea a 2 cl\u0103diri (C21 \u0219i C20) \u00een vederea dezvolt\u0103rii <i>noului centru de cercetare interdisciplinar\u0103 al ICT, <b>RO-OPENSCREEN<\/b><\/i>:<br>&nbsp;&nbsp;&nbsp;&#8211; Modernizare\/consolidare\/echipare a cl\u0103dirii C21 pentru a g\u0103zdui 3 laboratoare noi cu specific interdisciplinar configurate astfel: 1 laborator libr\u0103rie chimic\u0103, 6 laboratoare de analiz\u0103 \u0219i sintez\u0103 chimic\u0103, 1 laborator de chemoinformatic\u0103, \u015fi 1 sal\u0103 de preg\u0103tire probe care vor fi dotate cu echipamente\/instala\u0163ii de \u00eenalt\u0103 performan\u021b\u0103.<br>&nbsp;&nbsp;&nbsp;&#8211; Modernizare\/consolidare\/echipare a cl\u0103dirii C20 pentru a g\u0103zdui 1 central\u0103 termic\u0103, 1 sta\u021bie transfer reactivi \u0219i 1 sistem de calcul de \u00eenalt\u0103 performan\u021b\u0103 \u0219i sistem de comunica\u021bii.<br><br><\/li>\n<li style=\"text-align: justify;\">Crearea libr\u0103riei chimice, <em>Libr\u0103ria Na\u021bional\u0103 de Compu\u0219i cu activitate Biologic\u0103 (LNCB), unic\u0103 \u00een Rom\u00e2nia<\/em> \u0219i dotarea laboratoarelor cu echipamente de ultim\u0103 genera\u0163ie, unele av\u00e2nd <em>configura\u0163ie unic\u0103 \u00een Rom\u00e2nia,<\/em> vor aduce noi valen\u021be activit\u0103\u021bilor de cercetare integrat\u0103 ce se vor desf\u0103\u0219ura \u00een noul centru interdisciplinar al ICT, vor completa infrastructura deja existent\u0103 \u015fi vor permite ICT s\u0103 se alinieze cerin\u021belor de integrare \u00een re\u021beaua european\u0103 de infrastructur\u0103 EU-OPENSCREEN \u0219i totodat\u0103 s\u0103 devin\u0103 un Pol de excelen\u0163\u0103 \u0219tiin\u021bific\u0103 interdisciplinar \u00een concordan\u021b\u0103 cu noile tendin\u0163e \u015fi standarde interna\u0163ionale.<\/li>\n<\/ul>\n\n\n\n\n\n<p>\n<table id=\"tablepress-14\" class=\"tablepress tablepress-id-14\">\n<thead>\n<tr class=\"row-1\">\n\t<th class=\"column-1\">Indicatori prestabili\u021bi<\/th><th class=\"column-2\">Valoare aprobat\u0103<\/th><th class=\"column-3\">*Valoare realizat\u0103<\/th>\n<\/tr>\n<\/thead>\n<tbody class=\"row-striping row-hover\">\n<tr class=\"row-2\">\n\t<td class=\"column-1\"><strong>Indicatori prestabili\u021bi de rezultat<\/strong><\/td><td class=\"column-2\"><\/td><td class=\"column-3\"><\/td>\n<\/tr>\n<tr class=\"row-3\">\n\t<td class=\"column-1\"><strong>3S44<\/strong> - Co-publica\u021bii \u0219tiin\u021bifice public\u2013private<\/td><td class=\"column-2\">1<\/td><td class=\"column-3\">1<\/td>\n<\/tr>\n<tr class=\"row-4\">\n\t<td class=\"column-1\"><strong>Indicatori prestabili\u021bi de realizare<\/strong><\/td><td class=\"column-2\"><\/td><td class=\"column-3\"><\/td>\n<\/tr>\n<tr class=\"row-5\">\n\t<td class=\"column-1\"><strong>CO24<\/strong> - Cercetare, inovare: Num\u0103r de noi cercet\u0103tori \u00een entit\u0103\u021bile care beneficiaz\u0103 de sprijin<\/td><td class=\"column-2\">2<\/td><td class=\"column-3\">2.21<\/td>\n<\/tr>\n<tr class=\"row-6\">\n\t<td class=\"column-1\"><strong>CO25<\/strong> - Cercetare, inovare: Num\u0103rul dec ercet\u0103tori care lucreaz\u0103 \u00een infrastructuri \u00eembun\u0103t\u0103\u021bite de cercetare<\/td><td class=\"column-2\">3<\/td><td class=\"column-3\">5.33<\/td>\n<\/tr>\n<\/tbody>\n<\/table>\n<!-- #tablepress-14 from cache -->\n<table id=\"tablepress-15\" class=\"tablepress tablepress-id-15\">\n<thead>\n<tr class=\"row-1\">\n\t<th class=\"column-1\">Indicatori de rezultat<\/th><th class=\"column-2\">Valoare aprobat\u0103<\/th><th class=\"column-3\">*Valoare realizat\u0103<\/th>\n<\/tr>\n<\/thead>\n<tbody class=\"row-striping row-hover\">\n<tr class=\"row-2\">\n\t<td class=\"column-1\"><strong>Indicatori suplimentari de rezultat<\/strong><\/td><td class=\"column-2\"><\/td><td class=\"column-3\"><\/td>\n<\/tr>\n<tr class=\"row-3\">\n\t<td class=\"column-1\">Num\u0103r propuneri de proiecte depuse pentru alte programe interna\u021bionale de cercetare<\/td><td class=\"column-2\">3<\/td><td class=\"column-3\">6<\/td>\n<\/tr>\n<tr class=\"row-4\">\n\t<td class=\"column-1\"><strong>Indicatori suplimentari de realizare<\/strong><\/td><td class=\"column-2\"><\/td><td class=\"column-3\"><\/td>\n<\/tr>\n<tr class=\"row-5\">\n\t<td class=\"column-1\">Laboratoare CD nou create prin proiect (num\u0103r)<\/td><td class=\"column-2\">3<\/td><td class=\"column-3\">3<\/td>\n<\/tr>\n<tr class=\"row-6\">\n\t<td class=\"column-1\">Locuri de munc\u0103 nou create, altele dec\u00e2t pentru cercet\u0103tori, \u00een entitatea sprijinit\u0103 (num\u0103r)<\/td><td class=\"column-2\">2<\/td><td class=\"column-3\">3<\/td>\n<\/tr>\n<tr class=\"row-7\">\n\t<td class=\"column-1\">Active corporale achizi\u021bionate (buc\u0103\u021bi)<\/td><td class=\"column-2\">146<\/td><td class=\"column-3\">146<\/td>\n<\/tr>\n<tr class=\"row-8\">\n\t<td class=\"column-1\">Active necorporale achizi\u021bionate (buc\u0103\u021bi)<\/td><td class=\"column-2\">37<\/td><td class=\"column-3\">37<\/td>\n<\/tr>\n<tr class=\"row-9\">\n\t<td class=\"column-1\">Suprafa\u021b\u0103 modernizat\u0103 (mp)<\/td><td class=\"column-2\">328<\/td><td class=\"column-3\">328<\/td>\n<\/tr>\n<\/tbody>\n<\/table>\n<!-- #tablepress-15 from cache --><\/p>\n\n\n\n<p><sub>*<em>sec\u021biunea \u201dValoare realizat\u0103\u201d va fi completat\u0103 \u00een ordinea \u00eendeplinirii indicatorilor de proiect<\/em><\/sub><\/p>\n","protected":false},"excerpt":{"rendered":"<p>INDICATORI PROIECT &nbsp;&nbsp;&nbsp;&nbsp; Rezultate preconizate Modernizarea\/consolidarea\/dotarea a 2 cl\u0103diri (C21 \u0219i C20) \u00een vederea dezvolt\u0103rii noului centru de cercetare interdisciplinar\u0103 al ICT, RO-OPENSCREEN:&nbsp;&nbsp;&nbsp;&#8211;&#8230;<\/p>\n","protected":false},"author":1,"featured_media":0,"parent":0,"menu_order":0,"comment_status":"closed","ping_status":"closed","template":"","meta":{"footnotes":""},"class_list":["post-7","page","type-page","status-publish","hentry"],"featured_image_src":null,"_links":{"self":[{"href":"https:\/\/ro-openscreen.ro\/index.php?rest_route=\/wp\/v2\/pages\/7","targetHints":{"allow":["GET"]}}],"collection":[{"href":"https:\/\/ro-openscreen.ro\/index.php?rest_route=\/wp\/v2\/pages"}],"about":[{"href":"https:\/\/ro-openscreen.ro\/index.php?rest_route=\/wp\/v2\/types\/page"}],"author":[{"embeddable":true,"href":"https:\/\/ro-openscreen.ro\/index.php?rest_route=\/wp\/v2\/users\/1"}],"replies":[{"embeddable":true,"href":"https:\/\/ro-openscreen.ro\/index.php?rest_route=%2Fwp%2Fv2%2Fcomments&post=7"}],"version-history":[{"count":63,"href":"https:\/\/ro-openscreen.ro\/index.php?rest_route=\/wp\/v2\/pages\/7\/revisions"}],"predecessor-version":[{"id":2724,"href":"https:\/\/ro-openscreen.ro\/index.php?rest_route=\/wp\/v2\/pages\/7\/revisions\/2724"}],"wp:attachment":[{"href":"https:\/\/ro-openscreen.ro\/index.php?rest_route=%2Fwp%2Fv2%2Fmedia&parent=7"}],"curies":[{"name":"wp","href":"https:\/\/api.w.org\/{rel}","templated":true}]}}