{"id":6,"date":"2020-08-06T12:41:24","date_gmt":"2020-08-06T12:41:24","guid":{"rendered":"http:\/\/icht.ro\/?page_id=6"},"modified":"2022-02-18T09:21:52","modified_gmt":"2022-02-18T09:21:52","slug":"domenii-cercetare","status":"publish","type":"page","link":"https:\/\/ro-openscreen.ro\/?page_id=6","title":{"rendered":""},"content":{"rendered":"\n<h2 style=\"text-align: center;\">DOMENII DE CERCETARE<\/h2>\n\n\n\n<p>\u00a0\u00a0\u00a0\u00a0<\/p>\n\n\n\n<p style=\"text-align: justify;\">Sistemul de laboratoare propus spre implementare corespunde cerin\u021belor de integrare \u00een re\u021beaua european\u0103 de cercetare EUOPENSCREEN, permi\u021b\u00e2nd crearea unui flux complet de activit\u0103\u021bi de cercetare \u00een domeniul chimiei biologice care s\u0103 conduc\u0103 la identificarea \u0219i optimizarea compu\u0219ilor instrument prin screening-ul libr\u0103riilor chimice precum \u0219i \u00eembun\u0103t\u0103\u021birea \u00een mod iterativ a proprieta\u021bilor fizico-chimice ale acestor compu\u0219i prin modific\u0103ri structurale corespunz\u0103toare, utiliz\u00e2nd servicii chemoinformatice, chimice si biologice. Se asigur\u0103 astfel cadrul pentru sinteza de noi compu\u0219i biologic &#8211; activi \u0219i transformarea lor \u00een instrumente de investigare a mecanismelor biologice.<\/p>\n<p style=\"text-align: justify;\">Prin implementarea acestui proiect se vor crea urm\u0103toarele laboratoare:<\/p>\n<p style=\"text-align: justify;\"><strong>I. Laborator libr\u0103rie chimic\u0103<\/strong><\/p>\n<p style=\"text-align: justify;\"><strong>II. Laborator de analiz\u0103 \u0219i sintez\u0103 chimic\u0103<\/strong><\/p>\n<ol style=\"text-align: justify;\">\n<li>Laborator sintez\u0103 chimic\u0103 1<\/li>\n<li>Laborator sintez\u0103 chimic\u0103 2<\/li>\n<li>Laborator analiz\u0103 structural\u0103 1<\/li>\n<li>Laborator analiz\u0103 structural\u0103 2<\/li>\n<li>Laborator caracterizare optic\u0103<\/li>\n<li>Laborator caracterizare structural\u0103<\/li>\n<li>Sala preg\u0103tire probe + vestiar<\/li>\n<\/ol>\n<p style=\"text-align: justify;\"><strong>III. Laborator chemoinformatic\u0103<\/strong><\/p>\n","protected":false},"excerpt":{"rendered":"<p>DOMENII DE CERCETARE \u00a0\u00a0\u00a0\u00a0 Sistemul de laboratoare propus spre implementare corespunde cerin\u021belor de integrare \u00een re\u021beaua european\u0103 de cercetare EUOPENSCREEN, permi\u021b\u00e2nd crearea unui&#8230;<\/p>\n","protected":false},"author":1,"featured_media":0,"parent":0,"menu_order":0,"comment_status":"closed","ping_status":"closed","template":"","meta":{"footnotes":""},"class_list":["post-6","page","type-page","status-publish","hentry"],"featured_image_src":null,"_links":{"self":[{"href":"https:\/\/ro-openscreen.ro\/index.php?rest_route=\/wp\/v2\/pages\/6","targetHints":{"allow":["GET"]}}],"collection":[{"href":"https:\/\/ro-openscreen.ro\/index.php?rest_route=\/wp\/v2\/pages"}],"about":[{"href":"https:\/\/ro-openscreen.ro\/index.php?rest_route=\/wp\/v2\/types\/page"}],"author":[{"embeddable":true,"href":"https:\/\/ro-openscreen.ro\/index.php?rest_route=\/wp\/v2\/users\/1"}],"replies":[{"embeddable":true,"href":"https:\/\/ro-openscreen.ro\/index.php?rest_route=%2Fwp%2Fv2%2Fcomments&post=6"}],"version-history":[{"count":9,"href":"https:\/\/ro-openscreen.ro\/index.php?rest_route=\/wp\/v2\/pages\/6\/revisions"}],"predecessor-version":[{"id":1021,"href":"https:\/\/ro-openscreen.ro\/index.php?rest_route=\/wp\/v2\/pages\/6\/revisions\/1021"}],"wp:attachment":[{"href":"https:\/\/ro-openscreen.ro\/index.php?rest_route=%2Fwp%2Fv2%2Fmedia&parent=6"}],"curies":[{"name":"wp","href":"https:\/\/api.w.org\/{rel}","templated":true}]}}