{"id":36,"date":"2020-08-06T12:59:20","date_gmt":"2020-08-06T12:59:20","guid":{"rendered":"http:\/\/icht.ro\/?page_id=36"},"modified":"2020-09-24T08:54:53","modified_gmt":"2020-09-24T08:54:53","slug":"1-2","status":"publish","type":"page","link":"https:\/\/ro-openscreen.ro\/","title":{"rendered":"ICT &#8211; Centru interdisciplinar de specializare inteligent\u0103 \u00een domeniul chimiei biologice, RO-OPENSCREEN"},"content":{"rendered":"\n<p class=\"has-text-align-center\" style=\"color:#00ff99;\"><em><strong>RO-OPENSCREEN \u2013 Contract Nr. 371\/20.07.2020 \/ Cod SMIS: 127952<\/strong><\/em><\/p>\n\n\n\n<ul>\n<li style=\"text-align: justify;\">Contract de finan\u021bare 371\/20.07.2020 \u00eencheiat cu Ministerul Educa\u021biei \u0219i Cercet\u0103rii, \u00een calitate de Organism Intermediar pentru Programul Opera\u0163ional Competitivitate 2014-2020 (OI POC), \u00een numele \u0219i pentru Ministerul Fondurilor Europene (MFE) \u00een calitate de Autoritate de Management (AM)<\/li>\n<li style=\"text-align: justify;\">Beneficiar Institutul de Chimie \u201dCoriolan Dr\u0103gulescu\u201d Timi\u0219oara (ICT)<\/li>\n<li style=\"text-align: justify;\">Proiectul este cofinan\u0163at din Fondul European de Dezvoltare Regional\u0103 prin Programul Opera\u0163ional Competitivitate 2014-2020<\/li>\n<li style=\"text-align: justify;\">Axa 1. Cercetare, dezvoltare tehnologic\u0103 \u0219i inovare (CDI) \u00een sprijinul competitivit\u0103\u021bii economice \u0219i dezvolt\u0103rii afacerilor<\/li>\n<li style=\"text-align: justify;\">Ac\u021biunea 1.1.1. Mari Infrastructuri de CD, tip \u201dProiecte de infrastructuri de cercetare pentru institu\u021bii publice de CD\/universit\u0103\u021bi \u2013 pentru regiuni mai pu\u021bin dezvoltate \u2013 LDR\u201d<\/li>\n<li style=\"text-align: justify;\">Durata proiectului: 42 luni<\/li>\n<li style=\"text-align: justify;\">Loca\u0163ia proiectului: Str. Cornelia Salceanu, nr. 22, Timi\u015foara 300561<\/li>\n<li style=\"text-align: justify;\">Activit\u0103\u0163i: Modernizarea si consolidarea a doua cladiri in cadrul ICT \u015fi dotarea acestora cu echipamente \u015fi instrumente de cercetare la standarde interna\u021bionale<\/li>\n<li style=\"text-align: justify;\">Valoarea total\u0103: 42.587.899,61 lei<\/li>\n<li style=\"text-align: justify;\">Valoare total\u0103 eligibil\u0103 42.459.595,61 lei<\/li>\n<li style=\"text-align: justify;\">Valoare eligibil\u0103 nerambursabil\u0103 FEDR: 36.090.656,29 lei<\/li>\n<li style=\"text-align: justify;\">Valoare eligibil\u0103 nerambursabil\u0103 din bugetul national: 6.368.939,32 lei<\/li>\n<li style=\"text-align: justify;\">Valoare neeligibil\u0103: 128.304,00 lei<\/li>\n<\/ul>\n\n\n\n<table style=\"border-collapse: collapse; width: 100%;\">\n<tbody>\n<tr>\n<td style=\"width: 50%;\"><img loading=\"lazy\" decoding=\"async\" class=\"alignright wp-image-98\" src=\"https:\/\/ro-openscreen.ro\/wp-content\/uploads\/2020\/08\/297_120_tiff-3-300x156.png\" alt=\"\" width=\"192\" height=\"156\"><\/td>\n<td style=\"width: 50%;\"><img loading=\"lazy\" decoding=\"async\" class=\"alignnone wp-image-95\" src=\"https:\/\/ro-openscreen.ro\/wp-content\/uploads\/2020\/08\/logoIct1_02-2-300x300.png\" alt=\"\" width=\"100\" height=\"300\"><\/td>\n<\/tr>\n<\/tbody>\n<\/table>\n\n\n\n<p><\/p>\n","protected":false},"excerpt":{"rendered":"<p>RO-OPENSCREEN \u2013 Contract Nr. 371\/20.07.2020 \/ Cod SMIS: 127952 Contract de finan\u021bare 371\/20.07.2020 \u00eencheiat cu Ministerul Educa\u021biei \u0219i Cercet\u0103rii, \u00een calitate de Organism&#8230;<\/p>\n","protected":false},"author":1,"featured_media":0,"parent":0,"menu_order":0,"comment_status":"closed","ping_status":"closed","template":"","meta":{"footnotes":""},"class_list":["post-36","page","type-page","status-publish","hentry"],"featured_image_src":null,"_links":{"self":[{"href":"https:\/\/ro-openscreen.ro\/index.php?rest_route=\/wp\/v2\/pages\/36","targetHints":{"allow":["GET"]}}],"collection":[{"href":"https:\/\/ro-openscreen.ro\/index.php?rest_route=\/wp\/v2\/pages"}],"about":[{"href":"https:\/\/ro-openscreen.ro\/index.php?rest_route=\/wp\/v2\/types\/page"}],"author":[{"embeddable":true,"href":"https:\/\/ro-openscreen.ro\/index.php?rest_route=\/wp\/v2\/users\/1"}],"replies":[{"embeddable":true,"href":"https:\/\/ro-openscreen.ro\/index.php?rest_route=%2Fwp%2Fv2%2Fcomments&post=36"}],"version-history":[{"count":31,"href":"https:\/\/ro-openscreen.ro\/index.php?rest_route=\/wp\/v2\/pages\/36\/revisions"}],"predecessor-version":[{"id":475,"href":"https:\/\/ro-openscreen.ro\/index.php?rest_route=\/wp\/v2\/pages\/36\/revisions\/475"}],"wp:attachment":[{"href":"https:\/\/ro-openscreen.ro\/index.php?rest_route=%2Fwp%2Fv2%2Fmedia&parent=36"}],"curies":[{"name":"wp","href":"https:\/\/api.w.org\/{rel}","templated":true}]}}