{"id":261,"date":"2020-08-27T11:07:37","date_gmt":"2020-08-27T11:07:37","guid":{"rendered":"https:\/\/ro-openscreen.ro\/?page_id=261"},"modified":"2023-12-04T10:20:27","modified_gmt":"2023-12-04T07:20:27","slug":"indicatori-de-rezultat","status":"publish","type":"page","link":"https:\/\/ro-openscreen.ro\/?page_id=261","title":{"rendered":""},"content":{"rendered":"\n<h2 style=\"text-align: center;\">INDICATORI DE REZULTAT<\/h2>\n\n\n\n<h4>&nbsp;<\/h4>\n<h4><span style=\"text-decoration: underline; color: #666699;\"><strong>Co-publica\u021bii \u0219tiin\u021bifice public \u2013 private<\/strong><\/span><\/h4>\n<p>[1] Plesu, N.<sup>1<\/sup>; Macarie, L.<sup>1<\/sup>; Tara-Lunga Mihali, M.<sup>1<\/sup>; Maranescu, B.<sup>2<\/sup>; Visa, A.<sup>1<\/sup>; Jurcau, D.<sup>3<\/sup> <sup><br>&nbsp;1. \u201cCoriolan Dragulescu\u201d Institute of Chemistry, 24 Mihai Viteazu Av., 300223 Timisoara, Romania<br>&nbsp;2. Faculty of Chemistry, Biology, Geography, West University of Timisoara, 16 Pestalozzi Street, 300115 Timisoara, Romania <br>&nbsp;3. Elkim Special SRL, 21 Constantin cel Mare St., 300290 Timisoara, Romania<\/sup><br>\n<em>Polyester-Based Coatings with a Metal Organic Framework: An Experimental Study for Corrosion <\/em><em>Protection.<\/em><br><em><strong>J. Compos. Sci. 2023<\/strong><\/em>, 7, 422. <a href=\"https:\/\/doi.org\/10.3390\/jcs7100422\">https:\/\/doi.org\/10.3390\/jcs7100422<\/a><\/p>\n<p>&nbsp;<\/p>\n\n\n\n<h4>\u00a0<\/h4>\n<h4><span style=\"text-decoration: underline; color: #666699;\"><strong>Proiecte depuse pentru alte programe interna\u021bionale de cercetare:<\/strong><\/span><\/h4>\n\n\n\n<table id=\"tablepress-11\" class=\"tablepress tablepress-id-11\" aria-describedby=\"tablepress-11-description\">\n<thead>\n<tr class=\"row-1\">\n\t<th class=\"column-1\">Nr.<\/th><th class=\"column-2\">Data depunere<\/th><th class=\"column-3\">Titlu\/ Acronim<\/th><th class=\"column-4\">Schema de finantare<br \/>\nCod propunere<\/th><th class=\"column-5\">Contact \/email<\/th>\n<\/tr>\n<\/thead>\n<tbody class=\"row-striping row-hover\">\n<tr class=\"row-2\">\n\t<td class=\"column-1\">1<\/td><td class=\"column-2\">11.02.2021<\/td><td class=\"column-3\">Structural investigations of functionalized mesoporous silica by means of small angle neutron scattering and other methods <\/td><td class=\"column-4\">Ministerului Cercet\u0103rii \u0219i Inov\u0103rii<br \/>\n<br \/>\nCod: 04-4-1142-2021\/2025 pozitia 32, ordinul JINR nr. 365\/11.05.2021<\/td><td class=\"column-5\"><a href=\"https:\/\/www.ifa-mg.ro\/jinr\/\" rel=\"noopener\" target=\"_blank\">https:\/\/www.ifa-mg.ro\/jinr\/<\/a><br \/>\nMaxim Trikhanov,<br \/>\nSecretar al Comitetului Romania-IUCN Dubna<br \/>\n<a href=\"mailto:jinr@ifa-mg.ro\" rel=\"noopener\" target=\"_blank\">jinr@ifa-mg.ro<\/a><br \/>\n<br \/>\nDr. Putz Ana-Maria,<br \/>\nResponsabil proiect pentru Romania<br \/>\n<a href=\"mailto:putzanamaria@acad-icht.tm.edu.ro\" rel=\"noopener\" target=\"_blank\">putzanamaria@acad-icht.tm.edu.ro<\/a><\/td>\n<\/tr>\n<tr class=\"row-3\">\n\t<td class=\"column-1\">2<\/td><td class=\"column-2\">11.02.2021<\/td><td class=\"column-3\">SAXS studies of mesoporous silica-magnetic iron oxides nanocomposites in the framework of development of the Solcrys Structural Research Laboratory at the Solaris National Synchrotron Radiation Centre<\/td><td class=\"column-4\">Ministerului Cercet\u0103rii \u0219i Inov\u0103rii<br \/>\n<br \/>\nCod: 04-4-1141-2020\/2022<br \/>\npozitia 67, ordinul JINR nr. 365\/11.05.2021<\/td><td class=\"column-5\"><a href=\"https:\/\/www.ifa-mg.ro\/jinr\/\" rel=\"noopener\" target=\"_blank\">https:\/\/www.ifa-mg.ro\/jinr\/<\/a><br \/>\nMaxim Trikhanov,<br \/>\nSecretar al Comitetului Romania-IUCN Dubna<br \/>\n<a href=\"mailto:jinr@ifa-mg.ro\" rel=\"noopener\" target=\"_blank\">jinr@ifa-mg.ro<\/a><br \/>\n<br \/>\nDr. Putz Ana-Maria,<br \/>\nResponsabil proiect pentru Romania<br \/>\n<a href=\"mailto:putzanamaria@acad-icht.tm.edu.ro\" rel=\"noopener\" target=\"_blank\">putzanamaria@acad-icht.tm.edu.ro<\/a><\/td>\n<\/tr>\n<tr class=\"row-4\">\n\t<td class=\"column-1\">3<\/td><td class=\"column-2\">14.09.2022<\/td><td class=\"column-3\">Multi-stimuli-responsive molecular and supramolecular systems based on chalcone-spiropyran units\/STIMULANT<\/td><td class=\"column-4\">HORIZON-MSCA-2022-PF-01<br \/>\nAc\u021biunea: HORIZON-TMA-MSCA-PF-EF<br \/>\n<br \/>\nCod: 101110459<\/td><td class=\"column-5\"><a href=\"mailto:EC-FUNDING-TENDER-SERVICE-DESK@ec.europa.eu\" rel=\"noopener\" target=\"_blank\">EC-FUNDING-TENDER-SERVICE-DESK@ec.europa.eu<\/a><br \/>\nmob. +32 2 29 92222 <br \/>\n<br \/>\nDr. Buta Ildiko<br \/>\n<a href=\"mailto:Ildiko.buta@gmail.com\" rel=\"noopener\" target=\"_blank\">Ildiko.buta@gmail.com<\/a><\/td>\n<\/tr>\n<tr class=\"row-5\">\n\t<td class=\"column-1\">4<\/td><td class=\"column-2\">15.11.2022<\/td><td class=\"column-3\">Metal based<br \/>\nOrdered Hydrogel<br \/>\nsuperstructures as<br \/>\ndrug self-Delivery<br \/>\nsystems\u201d Acronym:<br \/>\nDeMOHyDs<\/td><td class=\"column-4\">PNRR - COMPONENTA C9\/I8<br \/>\n- Dezvoltarea unui program<br \/>\npentru atragerea resurselor<br \/>\numane \u00eenalt specializate din<br \/>\nstr\u0103in\u0103tate \u00een activit\u0103\u021bi de<br \/>\ncercetare, dezvoltare \u0219i<br \/>\ninovarea \u00a0din cadrul<br \/>\nComponentei 9 - Suport<br \/>\npentru Sectorul privat,<br \/>\nCercetare, Dezvoltare \u0219i<br \/>\nInovare<br \/>\nID depunere = 147<\/td><td class=\"column-5\">https:\/\/www.proiecte.pnrr.gov.ro\u00a0\u00a0\u00a0<br \/>\nemail:secretariat.psf@research.gov.ro<\/td>\n<\/tr>\n<tr class=\"row-6\">\n\t<td class=\"column-1\">5<\/td><td class=\"column-2\">13.09.2023<\/td><td class=\"column-3\">Stimuli-responsive<br \/>\nmaterials based on<br \/>\nphotochromic<br \/>\nchalcone-<br \/>\nspiropyran units,<br \/>\nacronim: STIMatCH<\/td><td class=\"column-4\">Programul: HORIZON-<br \/>\nMSCA-2023-PF-01<br \/>\nAc\u021biunea: HORIZON-TMA-<br \/>\nMSCA-PF-EF<br \/>\nID depunere: 101153263<\/td><td class=\"column-5\">EC-FUNDING-TENDER-SERVICE-<br \/>\nDESK@ec.europa.eu<br \/>\nDr. But\u0103 Ildiko Mariana,<br \/>\nResponsabil proiect<br \/>\nIldiko.buta@gmail.com<\/td>\n<\/tr>\n<tr class=\"row-7\">\n\t<td class=\"column-1\">6<\/td><td class=\"column-2\">10.11.2023<\/td><td class=\"column-3\">Biodiversity of ROS Homeostasis in a Dynamic Environment: Towards manufacturing the Next GEneration bioproducts for Sustainable Agriculture \/ BRIDGES<\/td><td class=\"column-4\">Horizon Europe\/ Biodiversa+ 2023-2024: BiodivNBS - Nature-Based Solutions (NBS) for biodiversity, human well-being and transformative change<br>Cod: Biodiversa2023-34<\/td><td class=\"column-5\"><a href=\"https:\/\/www.biodiversa.eu\" rel=\"noopener\" target=\"_blank\">https:\/\/www.biodiversa.eu<\/a><br>Biodiversa+ Secretariat ANR<br><a href=\"mailto:biodiversa.cs@agencerecherche.fr\" rel=\"noopener\" target=\"_blank\">biodiversa.cs@agencerecherche.fr<\/a><br><br>Dr. Manuela Crisan<br>Responsabil proiect pentru Romania<br><a href=\"mailto:mcrisan@acad-icht.tm.edu.ro\" rel=\"noopener\" target=\"_blank\">mcrisan@acad-icht.tm.edu.ro<\/a><\/td>\n<\/tr>\n<\/tbody>\n<\/table>\n<span id=\"tablepress-11-description\" class=\"tablepress-table-description tablepress-table-description-id-11\">Proiecte depuse pentru alte programe interna\u021bionale de cercetare<\/span>\n<!-- #tablepress-11 from cache -->\n","protected":false},"excerpt":{"rendered":"<p>INDICATORI DE REZULTAT &nbsp; Co-publica\u021bii \u0219tiin\u021bifice public \u2013 private [1] Plesu, N.1; Macarie, L.1; Tara-Lunga Mihali, M.1; Maranescu, B.2; Visa, A.1; Jurcau, D.3&#8230;<\/p>\n","protected":false},"author":1,"featured_media":0,"parent":7,"menu_order":0,"comment_status":"closed","ping_status":"closed","template":"","meta":{"footnotes":""},"class_list":["post-261","page","type-page","status-publish","hentry"],"featured_image_src":null,"_links":{"self":[{"href":"https:\/\/ro-openscreen.ro\/index.php?rest_route=\/wp\/v2\/pages\/261","targetHints":{"allow":["GET"]}}],"collection":[{"href":"https:\/\/ro-openscreen.ro\/index.php?rest_route=\/wp\/v2\/pages"}],"about":[{"href":"https:\/\/ro-openscreen.ro\/index.php?rest_route=\/wp\/v2\/types\/page"}],"author":[{"embeddable":true,"href":"https:\/\/ro-openscreen.ro\/index.php?rest_route=\/wp\/v2\/users\/1"}],"replies":[{"embeddable":true,"href":"https:\/\/ro-openscreen.ro\/index.php?rest_route=%2Fwp%2Fv2%2Fcomments&post=261"}],"version-history":[{"count":28,"href":"https:\/\/ro-openscreen.ro\/index.php?rest_route=\/wp\/v2\/pages\/261\/revisions"}],"predecessor-version":[{"id":2557,"href":"https:\/\/ro-openscreen.ro\/index.php?rest_route=\/wp\/v2\/pages\/261\/revisions\/2557"}],"up":[{"embeddable":true,"href":"https:\/\/ro-openscreen.ro\/index.php?rest_route=\/wp\/v2\/pages\/7"}],"wp:attachment":[{"href":"https:\/\/ro-openscreen.ro\/index.php?rest_route=%2Fwp%2Fv2%2Fmedia&parent=261"}],"curies":[{"name":"wp","href":"https:\/\/api.w.org\/{rel}","templated":true}]}}